{"id":234279,"date":"2023-01-24T12:50:21","date_gmt":"2023-01-24T17:50:21","guid":{"rendered":"https:\/\/en.tsc-stage.co\/learn\/free-webinars\/"},"modified":"2025-10-06T09:06:41","modified_gmt":"2025-10-06T13:06:41","slug":"webinaires","status":"publish","type":"page","link":"https:\/\/fr.tsc-stage.co\/learn\/webinaires\/","title":{"rendered":"Webinaires"},"content":{"rendered":"\n<p>Prenez part \u00e0 nos webinaires gratuits pour d\u00e9couvrir tous les rouages de Snagit et Camtasia et recevoir des conseils pratiques pour cr\u00e9er du contenu visuel toujours plus attrayant.<\/p>\n","protected":false},"excerpt":{"rendered":"<p>Prenez part \u00e0 nos webinaires gratuits pour d\u00e9couvrir tous les rouages de Snagit et Camtasia et recevoir des conseils pratiques pour cr\u00e9er du contenu visuel toujours plus attrayant.<\/p>\n","protected":false},"author":73,"featured_media":234267,"parent":0,"menu_order":0,"comment_status":"closed","ping_status":"closed","template":"templates\/free-webinars-page.php","meta":{"_acf_changed":false,"footnotes":""},"folder":[],"class_list":["post-234279","page","type-page","status-publish","has-post-thumbnail","hentry"],"acf":[],"yoast_head":"<!-- This site is optimized with the Yoast SEO Premium plugin v23.4 (Yoast SEO v27.5) - https:\/\/yoast.com\/product\/yoast-seo-premium-wordpress\/ -->\n<title>Webinaires | TechSmith Learn<\/title>\n<meta name=\"robots\" content=\"noindex, follow, max-snippet:-1, max-image-preview:large, max-video-preview:-1\" \/>\n<meta property=\"og:locale\" content=\"fr_FR\" \/>\n<meta property=\"og:type\" content=\"article\" \/>\n<meta property=\"og:title\" content=\"Webinaires\" \/>\n<meta property=\"og:description\" content=\"Prenez part \u00e0 nos webinaires gratuits pour d\u00e9couvrir tous les rouages de Snagit et Camtasia et recevoir des conseils pratiques pour cr\u00e9er du contenu visuel toujours plus attrayant.\" \/>\n<meta property=\"og:url\" content=\"https:\/\/fr.tsc-stage.co\/learn\/webinaires\/\" \/>\n<meta property=\"og:site_name\" content=\"TechSmith Learn\" \/>\n<meta property=\"article:modified_time\" content=\"2025-10-06T13:06:41+00:00\" \/>\n<meta property=\"og:image\" content=\"https:\/\/fr.tsc-stage.co\/learn\/wp-content\/uploads\/2023\/01\/Webinar-header-logo.png\" \/>\n\t<meta property=\"og:image:width\" content=\"236\" \/>\n\t<meta property=\"og:image:height\" content=\"172\" \/>\n\t<meta property=\"og:image:type\" content=\"image\/png\" \/>\n<meta name=\"twitter:card\" content=\"summary_large_image\" \/>\n<meta name=\"twitter:label1\" content=\"Est. reading time\" \/>\n\t<meta name=\"twitter:data1\" content=\"1 minute\" \/>\n<script type=\"application\/ld+json\" class=\"yoast-schema-graph\">{\"@context\":\"https:\\\/\\\/schema.org\",\"@graph\":[{\"@type\":\"WebPage\",\"@id\":\"https:\\\/\\\/fr.tsc-stage.co\\\/learn\\\/webinaires\\\/\",\"url\":\"https:\\\/\\\/fr.tsc-stage.co\\\/learn\\\/webinaires\\\/\",\"name\":\"Webinaires | TechSmith Learn\",\"isPartOf\":{\"@id\":\"https:\\\/\\\/fr.tsc-stage.co\\\/learn\\\/#website\"},\"primaryImageOfPage\":{\"@id\":\"https:\\\/\\\/fr.tsc-stage.co\\\/learn\\\/webinaires\\\/#primaryimage\"},\"image\":{\"@id\":\"https:\\\/\\\/fr.tsc-stage.co\\\/learn\\\/webinaires\\\/#primaryimage\"},\"thumbnailUrl\":\"https:\\\/\\\/www.techsmith.com\\\/learn\\\/wp-content\\\/uploads\\\/2023\\\/01\\\/Webinar-header-logo.png\",\"datePublished\":\"2023-01-24T17:50:21+00:00\",\"dateModified\":\"2025-10-06T13:06:41+00:00\",\"inLanguage\":\"fr-FR\",\"potentialAction\":[{\"@type\":\"ReadAction\",\"target\":[\"https:\\\/\\\/fr.tsc-stage.co\\\/learn\\\/webinaires\\\/\"]}]},{\"@type\":\"ImageObject\",\"inLanguage\":\"fr-FR\",\"@id\":\"https:\\\/\\\/fr.tsc-stage.co\\\/learn\\\/webinaires\\\/#primaryimage\",\"url\":\"https:\\\/\\\/www.techsmith.com\\\/learn\\\/wp-content\\\/uploads\\\/2023\\\/01\\\/Webinar-header-logo.png\",\"contentUrl\":\"https:\\\/\\\/www.techsmith.com\\\/learn\\\/wp-content\\\/uploads\\\/2023\\\/01\\\/Webinar-header-logo.png\",\"width\":236,\"height\":172,\"caption\":\"black floating box with computer screen on it with person talking\"},{\"@type\":\"WebSite\",\"@id\":\"https:\\\/\\\/fr.tsc-stage.co\\\/learn\\\/#website\",\"url\":\"https:\\\/\\\/fr.tsc-stage.co\\\/learn\\\/\",\"name\":\"TechSmith Learn\",\"description\":\"Show What You Know\",\"publisher\":{\"@id\":\"https:\\\/\\\/fr.tsc-stage.co\\\/learn\\\/#organization\"},\"potentialAction\":[{\"@type\":\"SearchAction\",\"target\":{\"@type\":\"EntryPoint\",\"urlTemplate\":\"https:\\\/\\\/fr.tsc-stage.co\\\/learn\\\/?s={search_term_string}\"},\"query-input\":{\"@type\":\"PropertyValueSpecification\",\"valueRequired\":true,\"valueName\":\"search_term_string\"}}],\"inLanguage\":\"fr-FR\"},{\"@type\":\"Organization\",\"@id\":\"https:\\\/\\\/fr.tsc-stage.co\\\/learn\\\/#organization\",\"name\":\"TechSmith Corporation\",\"url\":\"https:\\\/\\\/fr.tsc-stage.co\\\/learn\\\/\",\"logo\":{\"@type\":\"ImageObject\",\"inLanguage\":\"fr-FR\",\"@id\":\"https:\\\/\\\/fr.tsc-stage.co\\\/learn\\\/#\\\/schema\\\/logo\\\/image\\\/\",\"url\":\"https:\\\/\\\/www.techsmith.com\\\/learn\\\/wp-content\\\/uploads\\\/2021\\\/09\\\/techsmith-logo.png\",\"contentUrl\":\"https:\\\/\\\/www.techsmith.com\\\/learn\\\/wp-content\\\/uploads\\\/2021\\\/09\\\/techsmith-logo.png\",\"width\":1307,\"height\":390,\"caption\":\"TechSmith Corporation\"},\"image\":{\"@id\":\"https:\\\/\\\/fr.tsc-stage.co\\\/learn\\\/#\\\/schema\\\/logo\\\/image\\\/\"}}]}<\/script>\n<!-- \/ Yoast SEO Premium plugin. -->","yoast_head_json":{"title":"Webinaires | TechSmith Learn","robots":{"index":"noindex","follow":"follow","max-snippet":"max-snippet:-1","max-image-preview":"max-image-preview:large","max-video-preview":"max-video-preview:-1"},"og_locale":"fr_FR","og_type":"article","og_title":"Webinaires","og_description":"Prenez part \u00e0 nos webinaires gratuits pour d\u00e9couvrir tous les rouages de Snagit et Camtasia et recevoir des conseils pratiques pour cr\u00e9er du contenu visuel toujours plus attrayant.","og_url":"https:\/\/fr.tsc-stage.co\/learn\/webinaires\/","og_site_name":"TechSmith Learn","article_modified_time":"2025-10-06T13:06:41+00:00","og_image":[{"width":236,"height":172,"url":"https:\/\/fr.tsc-stage.co\/learn\/wp-content\/uploads\/2023\/01\/Webinar-header-logo.png","type":"image\/png"}],"twitter_card":"summary_large_image","twitter_misc":{"Est. reading time":"1 minute"},"schema":{"@context":"https:\/\/schema.org","@graph":[{"@type":"WebPage","@id":"https:\/\/fr.tsc-stage.co\/learn\/webinaires\/","url":"https:\/\/fr.tsc-stage.co\/learn\/webinaires\/","name":"Webinaires | TechSmith Learn","isPartOf":{"@id":"https:\/\/fr.tsc-stage.co\/learn\/#website"},"primaryImageOfPage":{"@id":"https:\/\/fr.tsc-stage.co\/learn\/webinaires\/#primaryimage"},"image":{"@id":"https:\/\/fr.tsc-stage.co\/learn\/webinaires\/#primaryimage"},"thumbnailUrl":"https:\/\/www.techsmith.com\/learn\/wp-content\/uploads\/2023\/01\/Webinar-header-logo.png","datePublished":"2023-01-24T17:50:21+00:00","dateModified":"2025-10-06T13:06:41+00:00","inLanguage":"fr-FR","potentialAction":[{"@type":"ReadAction","target":["https:\/\/fr.tsc-stage.co\/learn\/webinaires\/"]}]},{"@type":"ImageObject","inLanguage":"fr-FR","@id":"https:\/\/fr.tsc-stage.co\/learn\/webinaires\/#primaryimage","url":"https:\/\/www.techsmith.com\/learn\/wp-content\/uploads\/2023\/01\/Webinar-header-logo.png","contentUrl":"https:\/\/www.techsmith.com\/learn\/wp-content\/uploads\/2023\/01\/Webinar-header-logo.png","width":236,"height":172,"caption":"black floating box with computer screen on it with person talking"},{"@type":"WebSite","@id":"https:\/\/fr.tsc-stage.co\/learn\/#website","url":"https:\/\/fr.tsc-stage.co\/learn\/","name":"TechSmith Learn","description":"Show What You Know","publisher":{"@id":"https:\/\/fr.tsc-stage.co\/learn\/#organization"},"potentialAction":[{"@type":"SearchAction","target":{"@type":"EntryPoint","urlTemplate":"https:\/\/fr.tsc-stage.co\/learn\/?s={search_term_string}"},"query-input":{"@type":"PropertyValueSpecification","valueRequired":true,"valueName":"search_term_string"}}],"inLanguage":"fr-FR"},{"@type":"Organization","@id":"https:\/\/fr.tsc-stage.co\/learn\/#organization","name":"TechSmith Corporation","url":"https:\/\/fr.tsc-stage.co\/learn\/","logo":{"@type":"ImageObject","inLanguage":"fr-FR","@id":"https:\/\/fr.tsc-stage.co\/learn\/#\/schema\/logo\/image\/","url":"https:\/\/www.techsmith.com\/learn\/wp-content\/uploads\/2021\/09\/techsmith-logo.png","contentUrl":"https:\/\/www.techsmith.com\/learn\/wp-content\/uploads\/2021\/09\/techsmith-logo.png","width":1307,"height":390,"caption":"TechSmith Corporation"},"image":{"@id":"https:\/\/fr.tsc-stage.co\/learn\/#\/schema\/logo\/image\/"}}]}},"_links":{"self":[{"href":"https:\/\/fr.tsc-stage.co\/learn\/wp-json\/wp\/v2\/pages\/234279","targetHints":{"allow":["GET"]}}],"collection":[{"href":"https:\/\/fr.tsc-stage.co\/learn\/wp-json\/wp\/v2\/pages"}],"about":[{"href":"https:\/\/fr.tsc-stage.co\/learn\/wp-json\/wp\/v2\/types\/page"}],"author":[{"embeddable":true,"href":"https:\/\/fr.tsc-stage.co\/learn\/wp-json\/wp\/v2\/users\/73"}],"replies":[{"embeddable":true,"href":"https:\/\/fr.tsc-stage.co\/learn\/wp-json\/wp\/v2\/comments?post=234279"}],"version-history":[{"count":3,"href":"https:\/\/fr.tsc-stage.co\/learn\/wp-json\/wp\/v2\/pages\/234279\/revisions"}],"predecessor-version":[{"id":337474,"href":"https:\/\/fr.tsc-stage.co\/learn\/wp-json\/wp\/v2\/pages\/234279\/revisions\/337474"}],"wp:featuredmedia":[{"embeddable":true,"href":"https:\/\/fr.tsc-stage.co\/learn\/wp-json\/wp\/v2\/media\/234267"}],"wp:attachment":[{"href":"https:\/\/fr.tsc-stage.co\/learn\/wp-json\/wp\/v2\/media?parent=234279"}],"wp:term":[{"taxonomy":"folder","embeddable":true,"href":"https:\/\/fr.tsc-stage.co\/learn\/wp-json\/wp\/v2\/folder?post=234279"}],"curies":[{"name":"wp","href":"https:\/\/api.w.org\/{rel}","templated":true}]}}