{"id":185935,"date":"2022-01-28T09:04:36","date_gmt":"2022-01-28T14:04:36","guid":{"rendered":"https:\/\/en.tsc-stage.co\/learn\/tutoriels\/camtasia-2022\/"},"modified":"2025-07-23T14:08:31","modified_gmt":"2025-07-23T18:08:31","slug":"camtasia","status":"publish","type":"page","link":"https:\/\/fr.tsc-stage.co\/learn\/tutoriels\/camtasia\/","title":{"rendered":"Tutoriels Camtasia"},"content":{"rendered":"\n<p class=\"has-medium-font-size\">Apprenez \u00e0 utiliser Camtasia. Lancez-vous en d\u00e9couvrant les rudiments du logiciel ou \u00e9largissez vos comp\u00e9tences en puisant dans la liste compl\u00e8te de nos tutoriels.<\/p>\n","protected":false},"excerpt":{"rendered":"<p>Apprenez \u00e0 utiliser Camtasia. Lancez-vous en d\u00e9couvrant les rudiments du logiciel ou \u00e9largissez vos comp\u00e9tences en puisant dans la liste compl\u00e8te de nos tutoriels.<\/p>\n","protected":false},"author":81,"featured_media":211374,"parent":149359,"menu_order":0,"comment_status":"closed","ping_status":"closed","template":"single-category.php","meta":{"_acf_changed":false,"footnotes":""},"folder":[],"class_list":["post-185935","page","type-page","status-publish","has-post-thumbnail","hentry"],"acf":[],"yoast_head":"<!-- This site is optimized with the Yoast SEO Premium plugin v23.4 (Yoast SEO v27.5) - https:\/\/yoast.com\/product\/yoast-seo-premium-wordpress\/ -->\n<title>Tutoriels Camtasia | TechSmith<\/title>\n<meta name=\"robots\" content=\"noindex, follow, max-snippet:-1, max-image-preview:large, max-video-preview:-1\" \/>\n<meta property=\"og:locale\" content=\"fr_FR\" \/>\n<meta property=\"og:type\" content=\"article\" \/>\n<meta property=\"og:title\" content=\"Tutoriels Camtasia\" \/>\n<meta property=\"og:description\" content=\"Apprenez \u00e0 utiliser Camtasia. Lancez-vous en d\u00e9couvrant les rudiments du logiciel ou \u00e9largissez vos comp\u00e9tences en puisant dans la liste compl\u00e8te de nos tutoriels.\" \/>\n<meta property=\"og:url\" content=\"https:\/\/fr.tsc-stage.co\/learn\/tutoriels\/camtasia\/\" \/>\n<meta property=\"og:site_name\" content=\"TechSmith Learn\" \/>\n<meta property=\"article:modified_time\" content=\"2025-07-23T18:08:31+00:00\" \/>\n<meta property=\"og:image\" content=\"https:\/\/fr.tsc-stage.co\/learn\/wp-content\/uploads\/2022\/01\/camtasia-icon-3d-2.png\" \/>\n\t<meta property=\"og:image:width\" content=\"694\" \/>\n\t<meta property=\"og:image:height\" content=\"446\" \/>\n\t<meta property=\"og:image:type\" content=\"image\/png\" \/>\n<meta name=\"twitter:card\" content=\"summary_large_image\" \/>\n<meta name=\"twitter:label1\" content=\"Est. reading time\" \/>\n\t<meta name=\"twitter:data1\" content=\"1 minute\" \/>\n<script type=\"application\/ld+json\" class=\"yoast-schema-graph\">{\"@context\":\"https:\\\/\\\/schema.org\",\"@graph\":[{\"@type\":\"WebPage\",\"@id\":\"https:\\\/\\\/fr.tsc-stage.co\\\/learn\\\/tutoriels\\\/camtasia\\\/\",\"url\":\"https:\\\/\\\/fr.tsc-stage.co\\\/learn\\\/tutoriels\\\/camtasia\\\/\",\"name\":\"Tutoriels Camtasia | TechSmith\",\"isPartOf\":{\"@id\":\"https:\\\/\\\/fr.tsc-stage.co\\\/learn\\\/#website\"},\"primaryImageOfPage\":{\"@id\":\"https:\\\/\\\/fr.tsc-stage.co\\\/learn\\\/tutoriels\\\/camtasia\\\/#primaryimage\"},\"image\":{\"@id\":\"https:\\\/\\\/fr.tsc-stage.co\\\/learn\\\/tutoriels\\\/camtasia\\\/#primaryimage\"},\"thumbnailUrl\":\"https:\\\/\\\/www.techsmith.com\\\/learn\\\/wp-content\\\/uploads\\\/2022\\\/01\\\/camtasia-icon-3d-2.png\",\"datePublished\":\"2022-01-28T14:04:36+00:00\",\"dateModified\":\"2025-07-23T18:08:31+00:00\",\"breadcrumb\":{\"@id\":\"https:\\\/\\\/fr.tsc-stage.co\\\/learn\\\/tutoriels\\\/camtasia\\\/#breadcrumb\"},\"inLanguage\":\"fr-FR\",\"potentialAction\":[{\"@type\":\"ReadAction\",\"target\":[\"https:\\\/\\\/fr.tsc-stage.co\\\/learn\\\/tutoriels\\\/camtasia\\\/\"]}]},{\"@type\":\"ImageObject\",\"inLanguage\":\"fr-FR\",\"@id\":\"https:\\\/\\\/fr.tsc-stage.co\\\/learn\\\/tutoriels\\\/camtasia\\\/#primaryimage\",\"url\":\"https:\\\/\\\/www.techsmith.com\\\/learn\\\/wp-content\\\/uploads\\\/2022\\\/01\\\/camtasia-icon-3d-2.png\",\"contentUrl\":\"https:\\\/\\\/www.techsmith.com\\\/learn\\\/wp-content\\\/uploads\\\/2022\\\/01\\\/camtasia-icon-3d-2.png\",\"width\":694,\"height\":446},{\"@type\":\"BreadcrumbList\",\"@id\":\"https:\\\/\\\/fr.tsc-stage.co\\\/learn\\\/tutoriels\\\/camtasia\\\/#breadcrumb\",\"itemListElement\":[{\"@type\":\"ListItem\",\"position\":1,\"name\":\"Tutoriels et formation\",\"item\":\"https:\\\/\\\/fr.tsc-stage.co\\\/learn\\\/tutoriels\\\/\"},{\"@type\":\"ListItem\",\"position\":2,\"name\":\"Tutoriels Camtasia\"}]},{\"@type\":\"WebSite\",\"@id\":\"https:\\\/\\\/fr.tsc-stage.co\\\/learn\\\/#website\",\"url\":\"https:\\\/\\\/fr.tsc-stage.co\\\/learn\\\/\",\"name\":\"TechSmith Learn\",\"description\":\"Show What You Know\",\"publisher\":{\"@id\":\"https:\\\/\\\/fr.tsc-stage.co\\\/learn\\\/#organization\"},\"potentialAction\":[{\"@type\":\"SearchAction\",\"target\":{\"@type\":\"EntryPoint\",\"urlTemplate\":\"https:\\\/\\\/fr.tsc-stage.co\\\/learn\\\/?s={search_term_string}\"},\"query-input\":{\"@type\":\"PropertyValueSpecification\",\"valueRequired\":true,\"valueName\":\"search_term_string\"}}],\"inLanguage\":\"fr-FR\"},{\"@type\":\"Organization\",\"@id\":\"https:\\\/\\\/fr.tsc-stage.co\\\/learn\\\/#organization\",\"name\":\"TechSmith Corporation\",\"url\":\"https:\\\/\\\/fr.tsc-stage.co\\\/learn\\\/\",\"logo\":{\"@type\":\"ImageObject\",\"inLanguage\":\"fr-FR\",\"@id\":\"https:\\\/\\\/fr.tsc-stage.co\\\/learn\\\/#\\\/schema\\\/logo\\\/image\\\/\",\"url\":\"https:\\\/\\\/www.techsmith.com\\\/learn\\\/wp-content\\\/uploads\\\/2021\\\/09\\\/techsmith-logo.png\",\"contentUrl\":\"https:\\\/\\\/www.techsmith.com\\\/learn\\\/wp-content\\\/uploads\\\/2021\\\/09\\\/techsmith-logo.png\",\"width\":1307,\"height\":390,\"caption\":\"TechSmith Corporation\"},\"image\":{\"@id\":\"https:\\\/\\\/fr.tsc-stage.co\\\/learn\\\/#\\\/schema\\\/logo\\\/image\\\/\"}}]}<\/script>\n<!-- \/ Yoast SEO Premium plugin. -->","yoast_head_json":{"title":"Tutoriels Camtasia | TechSmith","robots":{"index":"noindex","follow":"follow","max-snippet":"max-snippet:-1","max-image-preview":"max-image-preview:large","max-video-preview":"max-video-preview:-1"},"og_locale":"fr_FR","og_type":"article","og_title":"Tutoriels Camtasia","og_description":"Apprenez \u00e0 utiliser Camtasia. Lancez-vous en d\u00e9couvrant les rudiments du logiciel ou \u00e9largissez vos comp\u00e9tences en puisant dans la liste compl\u00e8te de nos tutoriels.","og_url":"https:\/\/fr.tsc-stage.co\/learn\/tutoriels\/camtasia\/","og_site_name":"TechSmith Learn","article_modified_time":"2025-07-23T18:08:31+00:00","og_image":[{"width":694,"height":446,"url":"https:\/\/fr.tsc-stage.co\/learn\/wp-content\/uploads\/2022\/01\/camtasia-icon-3d-2.png","type":"image\/png"}],"twitter_card":"summary_large_image","twitter_misc":{"Est. reading time":"1 minute"},"schema":{"@context":"https:\/\/schema.org","@graph":[{"@type":"WebPage","@id":"https:\/\/fr.tsc-stage.co\/learn\/tutoriels\/camtasia\/","url":"https:\/\/fr.tsc-stage.co\/learn\/tutoriels\/camtasia\/","name":"Tutoriels Camtasia | TechSmith","isPartOf":{"@id":"https:\/\/fr.tsc-stage.co\/learn\/#website"},"primaryImageOfPage":{"@id":"https:\/\/fr.tsc-stage.co\/learn\/tutoriels\/camtasia\/#primaryimage"},"image":{"@id":"https:\/\/fr.tsc-stage.co\/learn\/tutoriels\/camtasia\/#primaryimage"},"thumbnailUrl":"https:\/\/www.techsmith.com\/learn\/wp-content\/uploads\/2022\/01\/camtasia-icon-3d-2.png","datePublished":"2022-01-28T14:04:36+00:00","dateModified":"2025-07-23T18:08:31+00:00","breadcrumb":{"@id":"https:\/\/fr.tsc-stage.co\/learn\/tutoriels\/camtasia\/#breadcrumb"},"inLanguage":"fr-FR","potentialAction":[{"@type":"ReadAction","target":["https:\/\/fr.tsc-stage.co\/learn\/tutoriels\/camtasia\/"]}]},{"@type":"ImageObject","inLanguage":"fr-FR","@id":"https:\/\/fr.tsc-stage.co\/learn\/tutoriels\/camtasia\/#primaryimage","url":"https:\/\/www.techsmith.com\/learn\/wp-content\/uploads\/2022\/01\/camtasia-icon-3d-2.png","contentUrl":"https:\/\/www.techsmith.com\/learn\/wp-content\/uploads\/2022\/01\/camtasia-icon-3d-2.png","width":694,"height":446},{"@type":"BreadcrumbList","@id":"https:\/\/fr.tsc-stage.co\/learn\/tutoriels\/camtasia\/#breadcrumb","itemListElement":[{"@type":"ListItem","position":1,"name":"Tutoriels et formation","item":"https:\/\/fr.tsc-stage.co\/learn\/tutoriels\/"},{"@type":"ListItem","position":2,"name":"Tutoriels Camtasia"}]},{"@type":"WebSite","@id":"https:\/\/fr.tsc-stage.co\/learn\/#website","url":"https:\/\/fr.tsc-stage.co\/learn\/","name":"TechSmith Learn","description":"Show What You Know","publisher":{"@id":"https:\/\/fr.tsc-stage.co\/learn\/#organization"},"potentialAction":[{"@type":"SearchAction","target":{"@type":"EntryPoint","urlTemplate":"https:\/\/fr.tsc-stage.co\/learn\/?s={search_term_string}"},"query-input":{"@type":"PropertyValueSpecification","valueRequired":true,"valueName":"search_term_string"}}],"inLanguage":"fr-FR"},{"@type":"Organization","@id":"https:\/\/fr.tsc-stage.co\/learn\/#organization","name":"TechSmith Corporation","url":"https:\/\/fr.tsc-stage.co\/learn\/","logo":{"@type":"ImageObject","inLanguage":"fr-FR","@id":"https:\/\/fr.tsc-stage.co\/learn\/#\/schema\/logo\/image\/","url":"https:\/\/www.techsmith.com\/learn\/wp-content\/uploads\/2021\/09\/techsmith-logo.png","contentUrl":"https:\/\/www.techsmith.com\/learn\/wp-content\/uploads\/2021\/09\/techsmith-logo.png","width":1307,"height":390,"caption":"TechSmith Corporation"},"image":{"@id":"https:\/\/fr.tsc-stage.co\/learn\/#\/schema\/logo\/image\/"}}]}},"_links":{"self":[{"href":"https:\/\/fr.tsc-stage.co\/learn\/wp-json\/wp\/v2\/pages\/185935","targetHints":{"allow":["GET"]}}],"collection":[{"href":"https:\/\/fr.tsc-stage.co\/learn\/wp-json\/wp\/v2\/pages"}],"about":[{"href":"https:\/\/fr.tsc-stage.co\/learn\/wp-json\/wp\/v2\/types\/page"}],"author":[{"embeddable":true,"href":"https:\/\/fr.tsc-stage.co\/learn\/wp-json\/wp\/v2\/users\/81"}],"replies":[{"embeddable":true,"href":"https:\/\/fr.tsc-stage.co\/learn\/wp-json\/wp\/v2\/comments?post=185935"}],"version-history":[{"count":3,"href":"https:\/\/fr.tsc-stage.co\/learn\/wp-json\/wp\/v2\/pages\/185935\/revisions"}],"predecessor-version":[{"id":332420,"href":"https:\/\/fr.tsc-stage.co\/learn\/wp-json\/wp\/v2\/pages\/185935\/revisions\/332420"}],"up":[{"embeddable":true,"href":"https:\/\/fr.tsc-stage.co\/learn\/wp-json\/wp\/v2\/pages\/149359"}],"wp:featuredmedia":[{"embeddable":true,"href":"https:\/\/fr.tsc-stage.co\/learn\/wp-json\/wp\/v2\/media\/211374"}],"wp:attachment":[{"href":"https:\/\/fr.tsc-stage.co\/learn\/wp-json\/wp\/v2\/media?parent=185935"}],"wp:term":[{"taxonomy":"folder","embeddable":true,"href":"https:\/\/fr.tsc-stage.co\/learn\/wp-json\/wp\/v2\/folder?post=185935"}],"curies":[{"name":"wp","href":"https:\/\/api.w.org\/{rel}","templated":true}]}}