{"id":151080,"date":"2021-08-31T04:58:01","date_gmt":"2021-08-31T08:58:01","guid":{"rendered":"https:\/\/en.tsc-stage.co\/learn\/tutoriels\/applications-mobiles\/"},"modified":"2022-04-14T11:22:56","modified_gmt":"2022-04-14T15:22:56","slug":"applications-mobile","status":"publish","type":"page","link":"https:\/\/fr.tsc-stage.co\/learn\/tutoriels\/applications-mobile\/","title":{"rendered":"Applications mobile"},"content":{"rendered":"\n<p class=\"has-medium-font-size\">Cr\u00e9ez des photos et des vid\u00e9os sur votre appareil mobile, puis importez-les dans vos produits TechSmith favoris gr\u00e2ce aux applications mobiles TechSmith.<\/p>\n","protected":false},"excerpt":{"rendered":"<p>Cr\u00e9ez des photos et des vid\u00e9os sur votre appareil mobile, puis importez-les dans vos produits TechSmith favoris gr\u00e2ce aux applications mobiles TechSmith.<\/p>\n","protected":false},"author":80,"featured_media":274394,"parent":149359,"menu_order":0,"comment_status":"closed","ping_status":"closed","template":"single-category.php","meta":{"_acf_changed":false,"footnotes":""},"folder":[],"class_list":["post-151080","page","type-page","status-publish","has-post-thumbnail","hentry"],"acf":[],"yoast_head":"<!-- This site is optimized with the Yoast SEO Premium plugin v23.4 (Yoast SEO v27.5) - https:\/\/yoast.com\/product\/yoast-seo-premium-wordpress\/ -->\n<title>Applications mobile | TechSmith<\/title>\n<meta name=\"robots\" content=\"noindex, follow, max-snippet:-1, max-image-preview:large, max-video-preview:-1\" \/>\n<meta property=\"og:locale\" content=\"fr_FR\" \/>\n<meta property=\"og:type\" content=\"article\" \/>\n<meta property=\"og:title\" content=\"Applications mobile\" \/>\n<meta property=\"og:description\" content=\"Cr\u00e9ez des photos et des vid\u00e9os sur votre appareil mobile, puis importez-les dans vos produits TechSmith favoris gr\u00e2ce aux applications mobiles TechSmith.\" \/>\n<meta property=\"og:url\" content=\"https:\/\/fr.tsc-stage.co\/learn\/tutoriels\/applications-mobile\/\" \/>\n<meta property=\"og:site_name\" content=\"TechSmith Learn\" \/>\n<meta property=\"article:modified_time\" content=\"2022-04-14T15:22:56+00:00\" \/>\n<meta property=\"og:image\" content=\"https:\/\/en.tsc-stage.co\/learn\/wp-content\/uploads\/2021\/07\/mobile-apps-icon-3d.png\" \/>\n\t<meta property=\"og:image:width\" content=\"694\" \/>\n\t<meta property=\"og:image:height\" content=\"446\" \/>\n\t<meta property=\"og:image:type\" content=\"image\/png\" \/>\n<meta name=\"twitter:card\" content=\"summary_large_image\" \/>\n<meta name=\"twitter:label1\" content=\"Est. reading time\" \/>\n\t<meta name=\"twitter:data1\" content=\"1 minute\" \/>\n<script type=\"application\/ld+json\" class=\"yoast-schema-graph\">{\"@context\":\"https:\\\/\\\/schema.org\",\"@graph\":[{\"@type\":\"WebPage\",\"@id\":\"https:\\\/\\\/fr.tsc-stage.co\\\/learn\\\/tutoriels\\\/applications-mobile\\\/\",\"url\":\"https:\\\/\\\/fr.tsc-stage.co\\\/learn\\\/tutoriels\\\/applications-mobile\\\/\",\"name\":\"Applications mobile | TechSmith\",\"isPartOf\":{\"@id\":\"https:\\\/\\\/fr.tsc-stage.co\\\/learn\\\/#website\"},\"primaryImageOfPage\":{\"@id\":\"https:\\\/\\\/fr.tsc-stage.co\\\/learn\\\/tutoriels\\\/applications-mobile\\\/#primaryimage\"},\"image\":{\"@id\":\"https:\\\/\\\/fr.tsc-stage.co\\\/learn\\\/tutoriels\\\/applications-mobile\\\/#primaryimage\"},\"thumbnailUrl\":\"https:\\\/\\\/www.techsmith.com\\\/learn\\\/wp-content\\\/uploads\\\/2021\\\/07\\\/mobile-apps-icon-3d.png\",\"datePublished\":\"2021-08-31T08:58:01+00:00\",\"dateModified\":\"2022-04-14T15:22:56+00:00\",\"breadcrumb\":{\"@id\":\"https:\\\/\\\/fr.tsc-stage.co\\\/learn\\\/tutoriels\\\/applications-mobile\\\/#breadcrumb\"},\"inLanguage\":\"fr-FR\",\"potentialAction\":[{\"@type\":\"ReadAction\",\"target\":[\"https:\\\/\\\/fr.tsc-stage.co\\\/learn\\\/tutoriels\\\/applications-mobile\\\/\"]}]},{\"@type\":\"ImageObject\",\"inLanguage\":\"fr-FR\",\"@id\":\"https:\\\/\\\/fr.tsc-stage.co\\\/learn\\\/tutoriels\\\/applications-mobile\\\/#primaryimage\",\"url\":\"https:\\\/\\\/www.techsmith.com\\\/learn\\\/wp-content\\\/uploads\\\/2021\\\/07\\\/mobile-apps-icon-3d.png\",\"contentUrl\":\"https:\\\/\\\/www.techsmith.com\\\/learn\\\/wp-content\\\/uploads\\\/2021\\\/07\\\/mobile-apps-icon-3d.png\",\"width\":694,\"height\":446},{\"@type\":\"BreadcrumbList\",\"@id\":\"https:\\\/\\\/fr.tsc-stage.co\\\/learn\\\/tutoriels\\\/applications-mobile\\\/#breadcrumb\",\"itemListElement\":[{\"@type\":\"ListItem\",\"position\":1,\"name\":\"Tutoriels et formation\",\"item\":\"https:\\\/\\\/fr.tsc-stage.co\\\/learn\\\/tutoriels\\\/\"},{\"@type\":\"ListItem\",\"position\":2,\"name\":\"Applications mobile\"}]},{\"@type\":\"WebSite\",\"@id\":\"https:\\\/\\\/fr.tsc-stage.co\\\/learn\\\/#website\",\"url\":\"https:\\\/\\\/fr.tsc-stage.co\\\/learn\\\/\",\"name\":\"TechSmith Learn\",\"description\":\"Show What You Know\",\"publisher\":{\"@id\":\"https:\\\/\\\/fr.tsc-stage.co\\\/learn\\\/#organization\"},\"potentialAction\":[{\"@type\":\"SearchAction\",\"target\":{\"@type\":\"EntryPoint\",\"urlTemplate\":\"https:\\\/\\\/fr.tsc-stage.co\\\/learn\\\/?s={search_term_string}\"},\"query-input\":{\"@type\":\"PropertyValueSpecification\",\"valueRequired\":true,\"valueName\":\"search_term_string\"}}],\"inLanguage\":\"fr-FR\"},{\"@type\":\"Organization\",\"@id\":\"https:\\\/\\\/fr.tsc-stage.co\\\/learn\\\/#organization\",\"name\":\"TechSmith Corporation\",\"url\":\"https:\\\/\\\/fr.tsc-stage.co\\\/learn\\\/\",\"logo\":{\"@type\":\"ImageObject\",\"inLanguage\":\"fr-FR\",\"@id\":\"https:\\\/\\\/fr.tsc-stage.co\\\/learn\\\/#\\\/schema\\\/logo\\\/image\\\/\",\"url\":\"https:\\\/\\\/www.techsmith.com\\\/learn\\\/wp-content\\\/uploads\\\/2021\\\/09\\\/techsmith-logo.png\",\"contentUrl\":\"https:\\\/\\\/www.techsmith.com\\\/learn\\\/wp-content\\\/uploads\\\/2021\\\/09\\\/techsmith-logo.png\",\"width\":1307,\"height\":390,\"caption\":\"TechSmith Corporation\"},\"image\":{\"@id\":\"https:\\\/\\\/fr.tsc-stage.co\\\/learn\\\/#\\\/schema\\\/logo\\\/image\\\/\"}}]}<\/script>\n<!-- \/ Yoast SEO Premium plugin. -->","yoast_head_json":{"title":"Applications mobile | TechSmith","robots":{"index":"noindex","follow":"follow","max-snippet":"max-snippet:-1","max-image-preview":"max-image-preview:large","max-video-preview":"max-video-preview:-1"},"og_locale":"fr_FR","og_type":"article","og_title":"Applications mobile","og_description":"Cr\u00e9ez des photos et des vid\u00e9os sur votre appareil mobile, puis importez-les dans vos produits TechSmith favoris gr\u00e2ce aux applications mobiles TechSmith.","og_url":"https:\/\/fr.tsc-stage.co\/learn\/tutoriels\/applications-mobile\/","og_site_name":"TechSmith Learn","article_modified_time":"2022-04-14T15:22:56+00:00","og_image":[{"width":694,"height":446,"url":"https:\/\/en.tsc-stage.co\/learn\/wp-content\/uploads\/2021\/07\/mobile-apps-icon-3d.png","type":"image\/png"}],"twitter_card":"summary_large_image","twitter_misc":{"Est. reading time":"1 minute"},"schema":{"@context":"https:\/\/schema.org","@graph":[{"@type":"WebPage","@id":"https:\/\/fr.tsc-stage.co\/learn\/tutoriels\/applications-mobile\/","url":"https:\/\/fr.tsc-stage.co\/learn\/tutoriels\/applications-mobile\/","name":"Applications mobile | TechSmith","isPartOf":{"@id":"https:\/\/fr.tsc-stage.co\/learn\/#website"},"primaryImageOfPage":{"@id":"https:\/\/fr.tsc-stage.co\/learn\/tutoriels\/applications-mobile\/#primaryimage"},"image":{"@id":"https:\/\/fr.tsc-stage.co\/learn\/tutoriels\/applications-mobile\/#primaryimage"},"thumbnailUrl":"https:\/\/www.techsmith.com\/learn\/wp-content\/uploads\/2021\/07\/mobile-apps-icon-3d.png","datePublished":"2021-08-31T08:58:01+00:00","dateModified":"2022-04-14T15:22:56+00:00","breadcrumb":{"@id":"https:\/\/fr.tsc-stage.co\/learn\/tutoriels\/applications-mobile\/#breadcrumb"},"inLanguage":"fr-FR","potentialAction":[{"@type":"ReadAction","target":["https:\/\/fr.tsc-stage.co\/learn\/tutoriels\/applications-mobile\/"]}]},{"@type":"ImageObject","inLanguage":"fr-FR","@id":"https:\/\/fr.tsc-stage.co\/learn\/tutoriels\/applications-mobile\/#primaryimage","url":"https:\/\/www.techsmith.com\/learn\/wp-content\/uploads\/2021\/07\/mobile-apps-icon-3d.png","contentUrl":"https:\/\/www.techsmith.com\/learn\/wp-content\/uploads\/2021\/07\/mobile-apps-icon-3d.png","width":694,"height":446},{"@type":"BreadcrumbList","@id":"https:\/\/fr.tsc-stage.co\/learn\/tutoriels\/applications-mobile\/#breadcrumb","itemListElement":[{"@type":"ListItem","position":1,"name":"Tutoriels et formation","item":"https:\/\/fr.tsc-stage.co\/learn\/tutoriels\/"},{"@type":"ListItem","position":2,"name":"Applications mobile"}]},{"@type":"WebSite","@id":"https:\/\/fr.tsc-stage.co\/learn\/#website","url":"https:\/\/fr.tsc-stage.co\/learn\/","name":"TechSmith Learn","description":"Show What You Know","publisher":{"@id":"https:\/\/fr.tsc-stage.co\/learn\/#organization"},"potentialAction":[{"@type":"SearchAction","target":{"@type":"EntryPoint","urlTemplate":"https:\/\/fr.tsc-stage.co\/learn\/?s={search_term_string}"},"query-input":{"@type":"PropertyValueSpecification","valueRequired":true,"valueName":"search_term_string"}}],"inLanguage":"fr-FR"},{"@type":"Organization","@id":"https:\/\/fr.tsc-stage.co\/learn\/#organization","name":"TechSmith Corporation","url":"https:\/\/fr.tsc-stage.co\/learn\/","logo":{"@type":"ImageObject","inLanguage":"fr-FR","@id":"https:\/\/fr.tsc-stage.co\/learn\/#\/schema\/logo\/image\/","url":"https:\/\/www.techsmith.com\/learn\/wp-content\/uploads\/2021\/09\/techsmith-logo.png","contentUrl":"https:\/\/www.techsmith.com\/learn\/wp-content\/uploads\/2021\/09\/techsmith-logo.png","width":1307,"height":390,"caption":"TechSmith Corporation"},"image":{"@id":"https:\/\/fr.tsc-stage.co\/learn\/#\/schema\/logo\/image\/"}}]}},"_links":{"self":[{"href":"https:\/\/fr.tsc-stage.co\/learn\/wp-json\/wp\/v2\/pages\/151080","targetHints":{"allow":["GET"]}}],"collection":[{"href":"https:\/\/fr.tsc-stage.co\/learn\/wp-json\/wp\/v2\/pages"}],"about":[{"href":"https:\/\/fr.tsc-stage.co\/learn\/wp-json\/wp\/v2\/types\/page"}],"author":[{"embeddable":true,"href":"https:\/\/fr.tsc-stage.co\/learn\/wp-json\/wp\/v2\/users\/80"}],"replies":[{"embeddable":true,"href":"https:\/\/fr.tsc-stage.co\/learn\/wp-json\/wp\/v2\/comments?post=151080"}],"version-history":[{"count":0,"href":"https:\/\/fr.tsc-stage.co\/learn\/wp-json\/wp\/v2\/pages\/151080\/revisions"}],"up":[{"embeddable":true,"href":"https:\/\/fr.tsc-stage.co\/learn\/wp-json\/wp\/v2\/pages\/149359"}],"wp:featuredmedia":[{"embeddable":true,"href":"https:\/\/fr.tsc-stage.co\/learn\/wp-json\/wp\/v2\/media\/274394"}],"wp:attachment":[{"href":"https:\/\/fr.tsc-stage.co\/learn\/wp-json\/wp\/v2\/media?parent=151080"}],"wp:term":[{"taxonomy":"folder","embeddable":true,"href":"https:\/\/fr.tsc-stage.co\/learn\/wp-json\/wp\/v2\/folder?post=151080"}],"curies":[{"name":"wp","href":"https:\/\/api.w.org\/{rel}","templated":true}]}}